{"id":25,"date":"2025-08-25T09:29:25","date_gmt":"2025-08-25T09:29:25","guid":{"rendered":"https:\/\/adamwojtow.com\/pl\/?page_id=25"},"modified":"2025-08-25T09:54:22","modified_gmt":"2025-08-25T09:54:22","slug":"adam-wojtow-przedsiebiorca-i-autor","status":"publish","type":"page","link":"https:\/\/adamwojtow.com\/pl\/","title":{"rendered":"Adam Wojtow, przedsi\u0119biorca i autor"},"content":{"rendered":"<section class=\"gb-container gb-container-fa41fa35\"><div class=\"gb-inside-container\">\n<div class=\"gb-grid-wrapper gb-grid-wrapper-b5b395dd\">\n<div class=\"gb-grid-column gb-grid-column-1854644e\"><div class=\"gb-container gb-container-1854644e\"><div class=\"gb-inside-container\">\n<div class=\"gb-container gb-container-2298046f\">\n\n<h1 class=\"gb-headline gb-headline-f34f7315 gb-headline-text\"><span class=\"ez-toc-section\" id=\"Adam_Wojtow_przedsiebiorca_i_autor\"><\/span>Adam Wojtow, przedsi\u0119biorca i autor<span class=\"ez-toc-section-end\"><\/span><\/h1>\n\n\n\n<div class=\"wp-block-columns alignwide are-vertically-aligned-center is-layout-flex wp-container-core-columns-is-layout-9d6595d7 wp-block-columns-is-layout-flex\">\n<div class=\"wp-block-column is-vertically-aligned-center is-layout-flow wp-block-column-is-layout-flow\">\n<p class=\"has-contrast-color has-text-color has-link-color wp-elements-e516d9ddeb12976f6d31f4b5cc4724cc\">Adam Wojtow to przedsi\u0119biorca i autor artyku\u0142\u00f3w o gotowaniu stek\u00f3w, a tak\u017ce o tematyce finansowej. Adam \u017cyje i pracuje w miejscowo\u015bci Jelenia G\u00f3ra. Jest za\u0142o\u017cycielem i dyrektorem generalnym Steak Advisor (Dawniej Steak Revolution), strony internetowej dla entuzjast\u00f3w stek\u00f3w.<\/p>\n<\/div>\n\n\n\n<div class=\"wp-block-column is-vertically-aligned-center is-layout-flow wp-block-column-is-layout-flow\"><div class=\"wp-block-image\">\n<figure class=\"aligncenter size-full\"><img loading=\"lazy\" decoding=\"async\" width=\"275\" height=\"275\" src=\"https:\/\/adamwojtow.com\/pl\/wp-content\/uploads\/2025\/08\/Adam-Wojtow_1_275px.jpg\" alt=\"\" class=\"wp-image-16\" srcset=\"https:\/\/adamwojtow.com\/pl\/wp-content\/uploads\/2025\/08\/Adam-Wojtow_1_275px.jpg 275w, https:\/\/adamwojtow.com\/pl\/wp-content\/uploads\/2025\/08\/Adam-Wojtow_1_275px-150x150.jpg 150w\" sizes=\"auto, (max-width: 275px) 100vw, 275px\" \/><figcaption class=\"wp-element-caption\">Adam Wojtow<\/figcaption><\/figure>\n<\/div><\/div>\n<\/div>\n\n<\/div>\n<\/div><\/div><\/div>\n<\/div>\n<\/div><\/section>\n\n<section class=\"gb-container gb-container-d02fefda\"><div class=\"gb-inside-container\">\n<div id=\"ez-toc-container\" class=\"ez-toc-v2_0_76 counter-hierarchy ez-toc-counter ez-toc-grey ez-toc-container-direction\">\n<div class=\"ez-toc-title-container\">\n<p class=\"ez-toc-title\" style=\"cursor:inherit\">Spis tre\u015bci<\/p>\n<span class=\"ez-toc-title-toggle\"><a href=\"#\" class=\"ez-toc-pull-right ez-toc-btn ez-toc-btn-xs ez-toc-btn-default ez-toc-toggle\" aria-label=\"Prze\u0142\u0105cznik Spisu Tre\u015bci\"><span class=\"ez-toc-js-icon-con\"><span class=\"\"><span class=\"eztoc-hide\" style=\"display:none;\">Toggle<\/span><span class=\"ez-toc-icon-toggle-span\"><svg style=\"fill: #999;color:#999\" xmlns=\"http:\/\/www.w3.org\/2000\/svg\" class=\"list-377408\" width=\"20px\" height=\"20px\" viewBox=\"0 0 24 24\" fill=\"none\"><path d=\"M6 6H4v2h2V6zm14 0H8v2h12V6zM4 11h2v2H4v-2zm16 0H8v2h12v-2zM4 16h2v2H4v-2zm16 0H8v2h12v-2z\" fill=\"currentColor\"><\/path><\/svg><svg style=\"fill: #999;color:#999\" class=\"arrow-unsorted-368013\" xmlns=\"http:\/\/www.w3.org\/2000\/svg\" width=\"10px\" height=\"10px\" viewBox=\"0 0 24 24\" version=\"1.2\" baseProfile=\"tiny\"><path d=\"M18.2 9.3l-6.2-6.3-6.2 6.3c-.2.2-.3.4-.3.7s.1.5.3.7c.2.2.4.3.7.3h11c.3 0 .5-.1.7-.3.2-.2.3-.5.3-.7s-.1-.5-.3-.7zM5.8 14.7l6.2 6.3 6.2-6.3c.2-.2.3-.5.3-.7s-.1-.5-.3-.7c-.2-.2-.4-.3-.7-.3h-11c-.3 0-.5.1-.7.3-.2.2-.3.5-.3.7s.1.5.3.7z\"\/><\/svg><\/span><\/span><\/span><\/a><\/span><\/div>\n<nav><ul class='ez-toc-list ez-toc-list-level-1 eztoc-toggle-hide-by-default' ><li class='ez-toc-page-1 ez-toc-heading-level-1'><a class=\"ez-toc-link ez-toc-heading-1\" href=\"https:\/\/adamwojtow.com\/pl\/#Adam_Wojtow_przedsiebiorca_i_autor\" >Adam Wojtow, przedsi\u0119biorca i autor<\/a><ul class='ez-toc-list-level-2' ><li class='ez-toc-heading-level-2'><a class=\"ez-toc-link ez-toc-heading-2\" href=\"https:\/\/adamwojtow.com\/pl\/#Zalozyciel_i_CEO_Steak_Advisor\" >Za\u0142o\u017cyciel i CEO Steak Advisor<\/a><\/li><li class='ez-toc-page-1 ez-toc-heading-level-2'><a class=\"ez-toc-link ez-toc-heading-3\" href=\"https:\/\/adamwojtow.com\/pl\/#Jakie_pasje_ma_Adam_Wojtow\" >Jakie pasje ma Adam Wojtow?<\/a><\/li><li class='ez-toc-page-1 ez-toc-heading-level-2'><a class=\"ez-toc-link ez-toc-heading-4\" href=\"https:\/\/adamwojtow.com\/pl\/#Jakie_hobby_poza_praca_posiada_Adam\" >Jakie hobby poza prac\u0105 posiada Adam?<\/a><\/li><\/ul><\/li><\/ul><\/nav><\/div>\n\n\n\n<div class=\"gb-grid-wrapper gb-grid-wrapper-c790f7f1\">\n<div class=\"gb-grid-column gb-grid-column-d6442811\"><div class=\"gb-container gb-container-d6442811\"><div class=\"gb-inside-container\">\n\n<script type=\"application\/ld+json\">\r\n{\r\n  \"@context\": \"https:\/\/schema.org\/\",\r\n  \"@type\": \"Person\",\r\n  \"name\": \"Adam Wojtow\",\r\n  \"url\": \"https:\/\/adamwojtow.com\/\",\r\n  \"image\": \"https:\/\/adamwojtow.com\/wp-content\/uploads\/2024\/01\/Adam-Wojtow_1_275px.jpg\",\r\n  \"sameAs\": [\r\n    \"https:\/\/www.facebook.com\/adamwojtow.94\/\",\r\n    \"https:\/\/twitter.com\/adam_wojtow\",\r\n    \"https:\/\/www.instagram.com\/adamwojtow94\/\",\r\n    \"https:\/\/www.youtube.com\/@adam_wojtow\",\r\n    \"https:\/\/www.linkedin.com\/in\/adam-wojtow\/\",\r\n    \"https:\/\/linktr.ee\/AdamWojtow\",\r\n    \"https:\/\/golden.com\/profile\/adam-wojtow\",\r\n    \"https:\/\/about.me\/adamwojtow\/\",\r\n    \"https:\/\/keybase.io\/adamwojtow\",\r\n    \"https:\/\/www.scribd.com\/user\/712227516\/Adam-Wojtow\",\r\n    \"https:\/\/wellfound.com\/u\/adam-wojtow\",\r\n    \"https:\/\/muckrack.com\/adam-wojtow-1\",\r\n    \"https:\/\/medium.com\/@adamwojtow\",\r\n    \"https:\/\/acadium.com\/p\/4pt0agam5\",\r\n    \"https:\/\/theorg.com\/org\/steak-revolution\/org-chart\/adam-wojtow\",\r\n    \"https:\/\/app.qwoted.com\/reporters\/adam-wojtow\",\r\n    \"https:\/\/www.crunchbase.com\/person\/adam-wojtow\",\r\n    \"https:\/\/www.quora.com\/profile\/Adam-Wojtow\",\r\n    \"https:\/\/www.tiktok.com\/@adam.wojtow\",\r\n    \"https:\/\/www.weberforum.com\/members\/adamwojtow.2362\/\",\r\n    \"https:\/\/www.pitbossforum.com\/members\/adamwojtow.9922\/     \",\r\n    \"https:\/\/www.traegerforum.com\/members\/adamwojtow.9376\/ \",\r\n    \"https:\/\/www.behance.net\/adamwojtow\",\r\n    \"https:\/\/steakrevolution.com\/author\/adam-wojtow\/\",\r\n    \"https:\/\/steakadvisor.com\/author\/adam-wojtow\/\",\r\n    \"https:\/\/www.pinterest.com\/Adam_Wojtow\/\"\r\n  ]  \r\n}\r\n<\/script>\n\n\n\n<h2 class=\"wp-block-heading\"><span class=\"ez-toc-section\" id=\"Zalozyciel_i_CEO_Steak_Advisor\"><\/span>Za\u0142o\u017cyciel i CEO Steak Advisor<span class=\"ez-toc-section-end\"><\/span><\/h2>\n\n\n\n<p>Adam Wojtow jest za\u0142o\u017cycielem oraz dyrektorem generalnym Steak Advisor (Dawniej Steak Revolution), strony internetowej i bloga skupiaj\u0105cego si\u0119 na entuzjastach gotowania stek\u00f3w.<\/p>\n\n\n\n<h2 class=\"wp-block-heading\"><span class=\"ez-toc-section\" id=\"Jakie_pasje_ma_Adam_Wojtow\"><\/span><strong><strong>Jakie pasje ma Adam Wojtow?<\/strong><\/strong><span class=\"ez-toc-section-end\"><\/span><\/h2>\n\n\n\n<ul class=\"wp-block-list\">\n<li>Przedsi\u0119biorczo\u015b\u0107. Zainteresowanie tematyk\u0105 przedsi\u0119biorczo\u015bci zrodzi\u0142o si\u0119 w momencie za\u0142o\u017cenia pierwszej firmy i trwa do dzi\u015b.<\/li>\n\n\n\n<li>Pisanie. Od samego pocz\u0105tku kariery zawodowej Adam by\u0142 zwi\u0105zany z pisaniem w r\u00f3\u017cnym stopniu. Adam odpowiada w du\u017cej mierze za tekst znajduj\u0105cy si\u0119 na w\u0142asnych stronach internetowych, ale jest r\u00f3wnie\u017c go\u015bciem na wielu innych portalach poruszaj\u0105c najcz\u0119\u015bciej takie tematyki jak: SEO, Finanse, przedsi\u0119biorczo\u015b\u0107 i wszystko co zwi\u0105zane ze stekami.<\/li>\n\n\n\n<li>Finanse osobiste. Powa\u017cniejsze zainteresowanie tematyk\u0105 finans\u00f3w osobistych zrodzi\u0142o si\u0119 w momencie, gdy Adam pracowa\u0142 jako specjalista w dziedzinie optymalizacji stron w firmie posiadaj\u0105cej strony internetowe w szeroko poj\u0119tej bran\u017cy finansowej (g\u0142\u00f3wnie tematyka po\u017cyczek pozabankowych i kredyt\u00f3w).<\/li>\n\n\n\n<li>Gotowanie stek\u00f3w. Adam jest za\u0142o\u017cycielem i dyrektorem generalnym Steak Advisor, gdzie dzieli si\u0119 swoj\u0105 wiedz\u0105 na temat stek\u00f3w poprzez szczeg\u00f3\u0142owe artyku\u0142y, poradniki, czy przepisy.<\/li>\n\n\n\n<li>Podr\u00f3\u017cowanie.<\/li>\n<\/ul>\n\n\n\n<h2 class=\"wp-block-heading\"><span class=\"ez-toc-section\" id=\"Jakie_hobby_poza_praca_posiada_Adam\"><\/span>Jakie hobby poza prac\u0105 posiada Adam?<span class=\"ez-toc-section-end\"><\/span><\/h2>\n\n\n\n<ul class=\"wp-block-list\">\n<li>Gotowanie stek\u00f3w<\/li>\n\n\n\n<li>Piesze w\u0119dr\u00f3wki (szczeg\u00f3lnie w g\u00f3rach)<\/li>\n\n\n\n<li>Podr\u00f3\u017ce<\/li>\n\n\n\n<li>Czytanie<\/li>\n\n\n\n<li>Pisanie<\/li>\n<\/ul>\n\n<\/div><\/div><\/div>\n<\/div>\n<\/div><\/section>","protected":false},"excerpt":{"rendered":"","protected":false},"author":1,"featured_media":0,"parent":0,"menu_order":0,"comment_status":"closed","ping_status":"closed","template":"","meta":{"footnotes":""},"class_list":["post-25","page","type-page","status-publish"],"yoast_head":"<!-- This site is optimized with the Yoast SEO plugin v25.7 - https:\/\/yoast.com\/wordpress\/plugins\/seo\/ -->\n<title>Adam Wojtow, przedsi\u0119biorca i autor<\/title>\n<meta name=\"robots\" content=\"index, follow, max-snippet:-1, max-image-preview:large, max-video-preview:-1\" \/>\n<link rel=\"canonical\" href=\"https:\/\/adamwojtow.com\/pl\/\" \/>\n<meta property=\"og:locale\" content=\"pl_PL\" \/>\n<meta property=\"og:type\" content=\"article\" \/>\n<meta property=\"og:title\" content=\"Adam Wojtow, przedsi\u0119biorca i autor\" \/>\n<meta property=\"og:url\" content=\"https:\/\/adamwojtow.com\/pl\/\" \/>\n<meta property=\"og:site_name\" content=\"Adam Wojtow\" \/>\n<meta property=\"article:modified_time\" content=\"2025-08-25T09:54:22+00:00\" \/>\n<meta property=\"og:image\" content=\"https:\/\/adamwojtow.com\/pl\/wp-content\/uploads\/2025\/08\/Adam-Wojtow_1_275px.jpg\" \/>\n\t<meta property=\"og:image:width\" content=\"275\" \/>\n\t<meta property=\"og:image:height\" content=\"275\" \/>\n\t<meta property=\"og:image:type\" content=\"image\/jpeg\" \/>\n<meta name=\"twitter:card\" content=\"summary_large_image\" \/>\n<meta name=\"twitter:label1\" content=\"Szacowany czas czytania\" \/>\n\t<meta name=\"twitter:data1\" content=\"2 minuty\" \/>\n<script type=\"application\/ld+json\" class=\"yoast-schema-graph\">{\"@context\":\"https:\/\/schema.org\",\"@graph\":[{\"@type\":\"WebPage\",\"@id\":\"https:\/\/adamwojtow.com\/pl\/\",\"url\":\"https:\/\/adamwojtow.com\/pl\/\",\"name\":\"Adam Wojtow, przedsi\u0119biorca i autor\",\"isPartOf\":{\"@id\":\"https:\/\/adamwojtow.com\/pl\/#website\"},\"primaryImageOfPage\":{\"@id\":\"https:\/\/adamwojtow.com\/pl\/#primaryimage\"},\"image\":{\"@id\":\"https:\/\/adamwojtow.com\/pl\/#primaryimage\"},\"thumbnailUrl\":\"https:\/\/adamwojtow.com\/pl\/wp-content\/uploads\/2025\/08\/Adam-Wojtow_1_275px.jpg\",\"datePublished\":\"2025-08-25T09:29:25+00:00\",\"dateModified\":\"2025-08-25T09:54:22+00:00\",\"breadcrumb\":{\"@id\":\"https:\/\/adamwojtow.com\/pl\/#breadcrumb\"},\"inLanguage\":\"pl-PL\",\"potentialAction\":[{\"@type\":\"ReadAction\",\"target\":[\"https:\/\/adamwojtow.com\/pl\/\"]}]},{\"@type\":\"ImageObject\",\"inLanguage\":\"pl-PL\",\"@id\":\"https:\/\/adamwojtow.com\/pl\/#primaryimage\",\"url\":\"https:\/\/adamwojtow.com\/pl\/wp-content\/uploads\/2025\/08\/Adam-Wojtow_1_275px.jpg\",\"contentUrl\":\"https:\/\/adamwojtow.com\/pl\/wp-content\/uploads\/2025\/08\/Adam-Wojtow_1_275px.jpg\",\"width\":275,\"height\":275},{\"@type\":\"BreadcrumbList\",\"@id\":\"https:\/\/adamwojtow.com\/pl\/#breadcrumb\",\"itemListElement\":[{\"@type\":\"ListItem\",\"position\":1,\"name\":\"Strona g\u0142\u00f3wna\",\"item\":\"https:\/\/adamwojtow.com\/pl\/\"},{\"@type\":\"ListItem\",\"position\":2,\"name\":\"Adam Wojtow, przedsi\u0119biorca i autor\"}]},{\"@type\":\"WebSite\",\"@id\":\"https:\/\/adamwojtow.com\/pl\/#website\",\"url\":\"https:\/\/adamwojtow.com\/pl\/\",\"name\":\"Adam Wojtow\",\"description\":\"\",\"publisher\":{\"@id\":\"https:\/\/adamwojtow.com\/pl\/#organization\"},\"potentialAction\":[{\"@type\":\"SearchAction\",\"target\":{\"@type\":\"EntryPoint\",\"urlTemplate\":\"https:\/\/adamwojtow.com\/pl\/?s={search_term_string}\"},\"query-input\":{\"@type\":\"PropertyValueSpecification\",\"valueRequired\":true,\"valueName\":\"search_term_string\"}}],\"inLanguage\":\"pl-PL\"},{\"@type\":\"Organization\",\"@id\":\"https:\/\/adamwojtow.com\/pl\/#organization\",\"name\":\"Adam Wojtow\",\"url\":\"https:\/\/adamwojtow.com\/pl\/\",\"logo\":{\"@type\":\"ImageObject\",\"inLanguage\":\"pl-PL\",\"@id\":\"https:\/\/adamwojtow.com\/pl\/#\/schema\/logo\/image\/\",\"url\":\"https:\/\/adamwojtow.com\/pl\/wp-content\/uploads\/2025\/08\/Adam-Wojtow_1_275px.jpg\",\"contentUrl\":\"https:\/\/adamwojtow.com\/pl\/wp-content\/uploads\/2025\/08\/Adam-Wojtow_1_275px.jpg\",\"width\":275,\"height\":275,\"caption\":\"Adam Wojtow\"},\"image\":{\"@id\":\"https:\/\/adamwojtow.com\/pl\/#\/schema\/logo\/image\/\"}}]}<\/script>\n<!-- \/ Yoast SEO plugin. -->","yoast_head_json":{"title":"Adam Wojtow, przedsi\u0119biorca i autor","robots":{"index":"index","follow":"follow","max-snippet":"max-snippet:-1","max-image-preview":"max-image-preview:large","max-video-preview":"max-video-preview:-1"},"canonical":"https:\/\/adamwojtow.com\/pl\/","og_locale":"pl_PL","og_type":"article","og_title":"Adam Wojtow, przedsi\u0119biorca i autor","og_url":"https:\/\/adamwojtow.com\/pl\/","og_site_name":"Adam Wojtow","article_modified_time":"2025-08-25T09:54:22+00:00","og_image":[{"width":275,"height":275,"url":"https:\/\/adamwojtow.com\/pl\/wp-content\/uploads\/2025\/08\/Adam-Wojtow_1_275px.jpg","type":"image\/jpeg"}],"twitter_card":"summary_large_image","twitter_misc":{"Szacowany czas czytania":"2 minuty"},"schema":{"@context":"https:\/\/schema.org","@graph":[{"@type":"WebPage","@id":"https:\/\/adamwojtow.com\/pl\/","url":"https:\/\/adamwojtow.com\/pl\/","name":"Adam Wojtow, przedsi\u0119biorca i autor","isPartOf":{"@id":"https:\/\/adamwojtow.com\/pl\/#website"},"primaryImageOfPage":{"@id":"https:\/\/adamwojtow.com\/pl\/#primaryimage"},"image":{"@id":"https:\/\/adamwojtow.com\/pl\/#primaryimage"},"thumbnailUrl":"https:\/\/adamwojtow.com\/pl\/wp-content\/uploads\/2025\/08\/Adam-Wojtow_1_275px.jpg","datePublished":"2025-08-25T09:29:25+00:00","dateModified":"2025-08-25T09:54:22+00:00","breadcrumb":{"@id":"https:\/\/adamwojtow.com\/pl\/#breadcrumb"},"inLanguage":"pl-PL","potentialAction":[{"@type":"ReadAction","target":["https:\/\/adamwojtow.com\/pl\/"]}]},{"@type":"ImageObject","inLanguage":"pl-PL","@id":"https:\/\/adamwojtow.com\/pl\/#primaryimage","url":"https:\/\/adamwojtow.com\/pl\/wp-content\/uploads\/2025\/08\/Adam-Wojtow_1_275px.jpg","contentUrl":"https:\/\/adamwojtow.com\/pl\/wp-content\/uploads\/2025\/08\/Adam-Wojtow_1_275px.jpg","width":275,"height":275},{"@type":"BreadcrumbList","@id":"https:\/\/adamwojtow.com\/pl\/#breadcrumb","itemListElement":[{"@type":"ListItem","position":1,"name":"Strona g\u0142\u00f3wna","item":"https:\/\/adamwojtow.com\/pl\/"},{"@type":"ListItem","position":2,"name":"Adam Wojtow, przedsi\u0119biorca i autor"}]},{"@type":"WebSite","@id":"https:\/\/adamwojtow.com\/pl\/#website","url":"https:\/\/adamwojtow.com\/pl\/","name":"Adam Wojtow","description":"","publisher":{"@id":"https:\/\/adamwojtow.com\/pl\/#organization"},"potentialAction":[{"@type":"SearchAction","target":{"@type":"EntryPoint","urlTemplate":"https:\/\/adamwojtow.com\/pl\/?s={search_term_string}"},"query-input":{"@type":"PropertyValueSpecification","valueRequired":true,"valueName":"search_term_string"}}],"inLanguage":"pl-PL"},{"@type":"Organization","@id":"https:\/\/adamwojtow.com\/pl\/#organization","name":"Adam Wojtow","url":"https:\/\/adamwojtow.com\/pl\/","logo":{"@type":"ImageObject","inLanguage":"pl-PL","@id":"https:\/\/adamwojtow.com\/pl\/#\/schema\/logo\/image\/","url":"https:\/\/adamwojtow.com\/pl\/wp-content\/uploads\/2025\/08\/Adam-Wojtow_1_275px.jpg","contentUrl":"https:\/\/adamwojtow.com\/pl\/wp-content\/uploads\/2025\/08\/Adam-Wojtow_1_275px.jpg","width":275,"height":275,"caption":"Adam Wojtow"},"image":{"@id":"https:\/\/adamwojtow.com\/pl\/#\/schema\/logo\/image\/"}}]}},"_links":{"self":[{"href":"https:\/\/adamwojtow.com\/pl\/wp-json\/wp\/v2\/pages\/25","targetHints":{"allow":["GET"]}}],"collection":[{"href":"https:\/\/adamwojtow.com\/pl\/wp-json\/wp\/v2\/pages"}],"about":[{"href":"https:\/\/adamwojtow.com\/pl\/wp-json\/wp\/v2\/types\/page"}],"author":[{"embeddable":true,"href":"https:\/\/adamwojtow.com\/pl\/wp-json\/wp\/v2\/users\/1"}],"replies":[{"embeddable":true,"href":"https:\/\/adamwojtow.com\/pl\/wp-json\/wp\/v2\/comments?post=25"}],"version-history":[{"count":4,"href":"https:\/\/adamwojtow.com\/pl\/wp-json\/wp\/v2\/pages\/25\/revisions"}],"predecessor-version":[{"id":38,"href":"https:\/\/adamwojtow.com\/pl\/wp-json\/wp\/v2\/pages\/25\/revisions\/38"}],"wp:attachment":[{"href":"https:\/\/adamwojtow.com\/pl\/wp-json\/wp\/v2\/media?parent=25"}],"curies":[{"name":"wp","href":"https:\/\/api.w.org\/{rel}","templated":true}]}}